{"id":742,"date":"2023-05-16T13:51:39","date_gmt":"2023-05-16T12:51:39","guid":{"rendered":"https:\/\/fundacionpedrofarnes.org\/producto\/viure-leucaristia-que-ens-va-fer-celebrar-el-senyor\/"},"modified":"2023-11-03T10:45:03","modified_gmt":"2023-11-03T09:45:03","slug":"viure-leucaristia-que-ens-va-fer-celebrar-el-senyor","status":"publish","type":"product","link":"https:\/\/fundacionpedrofarnes.org\/ca\/producto\/viure-leucaristia-que-ens-va-fer-celebrar-el-senyor\/","title":{"rendered":"Viure l&#8217;eucaristia que ens va fer celebrar el senyor."},"content":{"rendered":"<h2><strong>Sinopsis<\/strong><\/h2>\n<p><strong>L&#8217;autor sinteritza en aquest llibre el que ha explicat durant llargs anys en nombrosos cursets<\/strong>, sobretot a<strong> Monestirs de vida contemplativa<\/strong>, i a les seves classes de diverses facultats, Seminaris (Barcelona, Madrid [Univ. San D\u00e1maso], Newark [EE .UU.], Takamatzu Dap\u00f3n], etc.) sobre la<strong> teologia i espiritualitat de l&#8217;Eucaristia. Pedro Farn\u00e9s \u00e9s un dels membres fundadors del Centre de Pastoral lit\u00fargica de Barcelona<\/strong>, fundador i antic director de la revista<strong> Lit\u00fargia i Espiritualitat<\/strong>.<\/p>\n<p>En aquest volum exposa els punts m\u00e9s centrals del que va ser la <strong>celebraci\u00f3 eucar\u00edstica en la voluntat del Senyor<\/strong> (all\u00f2 que ell anomena la joia que el Senyor va lliurar a la seva Esgl\u00e9sia) i els distingeix dels ritus m\u00e9s perif\u00e8rics que, a trav\u00e9s de la <strong>hist\u00f2ria i de les diverses lit\u00fargies d&#8217;Orient i Occident<\/strong>, se n&#8217;han anat afegint i s\u00f3n m\u00e9s secundaris (els que ell anomena l&#8217;estoig on l&#8217;Esgl\u00e9sia ha anat col\u00b7locant la joia rebuda del Senyor).<\/p>\n<p class=\"h2 mt-3\"><strong>Consideracions<\/strong><\/p>\n<p>El volum, amb aquest procedir, ajuda a <strong>viure i celebrar cada part de la Missa<\/strong> segons la seva import\u00e0ncia respectiva, i a aconseguir aix\u00ed una<strong> lit\u00fargia i una pietat eucar\u00edstiques amb plena fidelitat<\/strong> al que avui realitza l&#8217;Esgl\u00e9sia, ja que com l&#8217;autor explica Jesucrist va lliurar-la Eucaristia, no als fidels individualment, sin\u00f3 a l&#8217;Esgl\u00e9sia, i va encarregar als seus pastors suprems \u2014avui als bisbes sota la direcci\u00f3 del Papa\u2014 construir l&#8217;estoig en qu\u00e8 la comunitat eclesial ha de <strong>presentar a D\u00e9u el sagrament del sacrifici del seu Senyor<\/strong>.<\/p>\n<p>Per fer enviaments fora d&#8217;Espanya, no dubtis a posar-te en <a href=\"https:\/\/fundacionpedrofarnes.org\/ca\/contacte\/\">contacte amb nosaltres<\/a>.<\/p>\n","protected":false},"excerpt":{"rendered":"<p>L&#8217;autor sinteritza en aquest llibre el que ha explicat durant llargs anys en nombrosos cursets, sobretot a Monestirs de vida contemplativa, i en les seves classes de diverses facultats<\/p>\n","protected":false},"featured_media":677,"template":"","meta":{"_acf_changed":false,"_monsterinsights_skip_tracking":false,"_monsterinsights_sitenote_active":false,"_monsterinsights_sitenote_note":"","_monsterinsights_sitenote_category":0},"product_brand":[],"product_cat":[61],"class_list":{"0":"post-742","1":"product","2":"type-product","3":"status-publish","4":"has-post-thumbnail","6":"product_cat-llibres","8":"first","9":"instock","10":"shipping-taxable","11":"purchasable","12":"product-type-simple"},"acf":[],"yoast_head":"<!-- This site is optimized with the Yoast SEO plugin v26.2 - https:\/\/yoast.com\/wordpress\/plugins\/seo\/ -->\n<title>Viure l&#039;eucaristia | Fundaci\u00f3 Pedro Farn\u00e9s<\/title>\n<meta name=\"description\" content=\"Resum del llibre de Pere Farn\u00e9s sobre la teologia i l&#039;espiritualitat de l&#039;Eucaristia, destacant el seu enfocament sobre l&#039;aut\u00e8ntica celebraci\u00f3 eucar\u00edstica.\" \/>\n<meta name=\"robots\" content=\"noindex, follow, max-snippet:-1, max-image-preview:large, max-video-preview:-1\" \/>\n<meta property=\"og:locale\" content=\"ca_ES\" \/>\n<meta property=\"og:type\" content=\"article\" \/>\n<meta property=\"og:title\" content=\"Viure l&#039;eucaristia | Fundaci\u00f3 Pedro Farn\u00e9s\" \/>\n<meta property=\"og:description\" content=\"Resum del llibre de Pere Farn\u00e9s sobre la teologia i l&#039;espiritualitat de l&#039;Eucaristia, destacant el seu enfocament sobre l&#039;aut\u00e8ntica celebraci\u00f3 eucar\u00edstica.\" \/>\n<meta property=\"og:url\" content=\"https:\/\/fundacionpedrofarnes.org\/ca\/producto\/viure-leucaristia-que-ens-va-fer-celebrar-el-senyor\/\" \/>\n<meta property=\"og:site_name\" content=\"Fundaci\u00f3 Pedro Farn\u00e9s\" \/>\n<meta property=\"article:modified_time\" content=\"2023-11-03T09:45:03+00:00\" \/>\n<meta property=\"og:image\" content=\"https:\/\/fundacionpedrofarnes.org\/wp-content\/uploads\/2023\/05\/vivir-la-eucaristia.png\" \/>\n\t<meta property=\"og:image:width\" content=\"600\" \/>\n\t<meta property=\"og:image:height\" content=\"900\" \/>\n\t<meta property=\"og:image:type\" content=\"image\/png\" \/>\n<meta name=\"twitter:card\" content=\"summary_large_image\" \/>\n<meta name=\"twitter:title\" content=\"Viure l&#039;eucaristia | Fundaci\u00f3 Pedro Farn\u00e9s\" \/>\n<meta name=\"twitter:description\" content=\"Resum del llibre de Pere Farn\u00e9s sobre la teologia i l&#039;espiritualitat de l&#039;Eucaristia, destacant el seu enfocament sobre l&#039;aut\u00e8ntica celebraci\u00f3 eucar\u00edstica.\" \/>\n<meta name=\"twitter:image\" content=\"https:\/\/fundacionpedrofarnes.org\/wp-content\/uploads\/2023\/05\/vivir-la-eucaristia.png\" \/>\n<meta name=\"twitter:label1\" content=\"Temps estimat de lectura\" \/>\n\t<meta name=\"twitter:data1\" content=\"2 minuts\" \/>\n<script type=\"application\/ld+json\" class=\"yoast-schema-graph\">{\"@context\":\"https:\/\/schema.org\",\"@graph\":[{\"@type\":\"WebPage\",\"@id\":\"https:\/\/fundacionpedrofarnes.org\/ca\/producto\/viure-leucaristia-que-ens-va-fer-celebrar-el-senyor\/\",\"url\":\"https:\/\/fundacionpedrofarnes.org\/ca\/producto\/viure-leucaristia-que-ens-va-fer-celebrar-el-senyor\/\",\"name\":\"Viure l'eucaristia | Fundaci\u00f3 Pedro Farn\u00e9s\",\"isPartOf\":{\"@id\":\"https:\/\/fundacionpedrofarnes.org\/ca\/#website\"},\"primaryImageOfPage\":{\"@id\":\"https:\/\/fundacionpedrofarnes.org\/ca\/producto\/viure-leucaristia-que-ens-va-fer-celebrar-el-senyor\/#primaryimage\"},\"image\":{\"@id\":\"https:\/\/fundacionpedrofarnes.org\/ca\/producto\/viure-leucaristia-que-ens-va-fer-celebrar-el-senyor\/#primaryimage\"},\"thumbnailUrl\":\"https:\/\/fundacionpedrofarnes.org\/wp-content\/uploads\/2023\/05\/vivir-la-eucaristia.png\",\"datePublished\":\"2023-05-16T12:51:39+00:00\",\"dateModified\":\"2023-11-03T09:45:03+00:00\",\"description\":\"Resum del llibre de Pere Farn\u00e9s sobre la teologia i l'espiritualitat de l'Eucaristia, destacant el seu enfocament sobre l'aut\u00e8ntica celebraci\u00f3 eucar\u00edstica.\",\"breadcrumb\":{\"@id\":\"https:\/\/fundacionpedrofarnes.org\/ca\/producto\/viure-leucaristia-que-ens-va-fer-celebrar-el-senyor\/#breadcrumb\"},\"inLanguage\":\"ca\",\"potentialAction\":[{\"@type\":\"ReadAction\",\"target\":[\"https:\/\/fundacionpedrofarnes.org\/ca\/producto\/viure-leucaristia-que-ens-va-fer-celebrar-el-senyor\/\"]}]},{\"@type\":\"ImageObject\",\"inLanguage\":\"ca\",\"@id\":\"https:\/\/fundacionpedrofarnes.org\/ca\/producto\/viure-leucaristia-que-ens-va-fer-celebrar-el-senyor\/#primaryimage\",\"url\":\"https:\/\/fundacionpedrofarnes.org\/wp-content\/uploads\/2023\/05\/vivir-la-eucaristia.png\",\"contentUrl\":\"https:\/\/fundacionpedrofarnes.org\/wp-content\/uploads\/2023\/05\/vivir-la-eucaristia.png\",\"width\":600,\"height\":900,\"caption\":\"Llibre \\\"Vivir la eucarist\u00eda que nos mand\u00f3 celebrar el Se\u00f1or\\\"\"},{\"@type\":\"BreadcrumbList\",\"@id\":\"https:\/\/fundacionpedrofarnes.org\/ca\/producto\/viure-leucaristia-que-ens-va-fer-celebrar-el-senyor\/#breadcrumb\",\"itemListElement\":[{\"@type\":\"ListItem\",\"position\":1,\"name\":\"Home\",\"item\":\"https:\/\/fundacionpedrofarnes.org\/ca\/\"},{\"@type\":\"ListItem\",\"position\":2,\"name\":\"Botiga\",\"item\":\"https:\/\/fundacionpedrofarnes.org\/ca\/botiga\/\"},{\"@type\":\"ListItem\",\"position\":3,\"name\":\"Viure l&#8217;eucaristia que ens va fer celebrar el senyor.\"}]},{\"@type\":\"WebSite\",\"@id\":\"https:\/\/fundacionpedrofarnes.org\/ca\/#website\",\"url\":\"https:\/\/fundacionpedrofarnes.org\/ca\/\",\"name\":\"Fundaci\u00f3 Pedro Farn\u00e9s\",\"description\":\"\",\"publisher\":{\"@id\":\"https:\/\/fundacionpedrofarnes.org\/ca\/#organization\"},\"potentialAction\":[{\"@type\":\"SearchAction\",\"target\":{\"@type\":\"EntryPoint\",\"urlTemplate\":\"https:\/\/fundacionpedrofarnes.org\/ca\/?s={search_term_string}\"},\"query-input\":{\"@type\":\"PropertyValueSpecification\",\"valueRequired\":true,\"valueName\":\"search_term_string\"}}],\"inLanguage\":\"ca\"},{\"@type\":\"Organization\",\"@id\":\"https:\/\/fundacionpedrofarnes.org\/ca\/#organization\",\"name\":\"Fundaci\u00f3 Pedro Farn\u00e9s\",\"url\":\"https:\/\/fundacionpedrofarnes.org\/ca\/\",\"logo\":{\"@type\":\"ImageObject\",\"inLanguage\":\"ca\",\"@id\":\"https:\/\/fundacionpedrofarnes.org\/ca\/#\/schema\/logo\/image\/\",\"url\":\"https:\/\/fundacionpedrofarnes.org\/wp-content\/uploads\/2023\/04\/logo.png\",\"contentUrl\":\"https:\/\/fundacionpedrofarnes.org\/wp-content\/uploads\/2023\/04\/logo.png\",\"width\":92,\"height\":64,\"caption\":\"Fundaci\u00f3 Pedro Farn\u00e9s\"},\"image\":{\"@id\":\"https:\/\/fundacionpedrofarnes.org\/ca\/#\/schema\/logo\/image\/\"}}]}<\/script>\n<!-- \/ Yoast SEO plugin. -->","yoast_head_json":{"title":"Viure l'eucaristia | Fundaci\u00f3 Pedro Farn\u00e9s","description":"Resum del llibre de Pere Farn\u00e9s sobre la teologia i l'espiritualitat de l'Eucaristia, destacant el seu enfocament sobre l'aut\u00e8ntica celebraci\u00f3 eucar\u00edstica.","robots":{"index":"noindex","follow":"follow","max-snippet":"max-snippet:-1","max-image-preview":"max-image-preview:large","max-video-preview":"max-video-preview:-1"},"og_locale":"ca_ES","og_type":"article","og_title":"Viure l'eucaristia | Fundaci\u00f3 Pedro Farn\u00e9s","og_description":"Resum del llibre de Pere Farn\u00e9s sobre la teologia i l'espiritualitat de l'Eucaristia, destacant el seu enfocament sobre l'aut\u00e8ntica celebraci\u00f3 eucar\u00edstica.","og_url":"https:\/\/fundacionpedrofarnes.org\/ca\/producto\/viure-leucaristia-que-ens-va-fer-celebrar-el-senyor\/","og_site_name":"Fundaci\u00f3 Pedro Farn\u00e9s","article_modified_time":"2023-11-03T09:45:03+00:00","og_image":[{"width":600,"height":900,"url":"https:\/\/fundacionpedrofarnes.org\/wp-content\/uploads\/2023\/05\/vivir-la-eucaristia.png","type":"image\/png"}],"twitter_card":"summary_large_image","twitter_title":"Viure l'eucaristia | Fundaci\u00f3 Pedro Farn\u00e9s","twitter_description":"Resum del llibre de Pere Farn\u00e9s sobre la teologia i l'espiritualitat de l'Eucaristia, destacant el seu enfocament sobre l'aut\u00e8ntica celebraci\u00f3 eucar\u00edstica.","twitter_image":"https:\/\/fundacionpedrofarnes.org\/wp-content\/uploads\/2023\/05\/vivir-la-eucaristia.png","twitter_misc":{"Temps estimat de lectura":"2 minuts"},"schema":{"@context":"https:\/\/schema.org","@graph":[{"@type":"WebPage","@id":"https:\/\/fundacionpedrofarnes.org\/ca\/producto\/viure-leucaristia-que-ens-va-fer-celebrar-el-senyor\/","url":"https:\/\/fundacionpedrofarnes.org\/ca\/producto\/viure-leucaristia-que-ens-va-fer-celebrar-el-senyor\/","name":"Viure l'eucaristia | Fundaci\u00f3 Pedro Farn\u00e9s","isPartOf":{"@id":"https:\/\/fundacionpedrofarnes.org\/ca\/#website"},"primaryImageOfPage":{"@id":"https:\/\/fundacionpedrofarnes.org\/ca\/producto\/viure-leucaristia-que-ens-va-fer-celebrar-el-senyor\/#primaryimage"},"image":{"@id":"https:\/\/fundacionpedrofarnes.org\/ca\/producto\/viure-leucaristia-que-ens-va-fer-celebrar-el-senyor\/#primaryimage"},"thumbnailUrl":"https:\/\/fundacionpedrofarnes.org\/wp-content\/uploads\/2023\/05\/vivir-la-eucaristia.png","datePublished":"2023-05-16T12:51:39+00:00","dateModified":"2023-11-03T09:45:03+00:00","description":"Resum del llibre de Pere Farn\u00e9s sobre la teologia i l'espiritualitat de l'Eucaristia, destacant el seu enfocament sobre l'aut\u00e8ntica celebraci\u00f3 eucar\u00edstica.","breadcrumb":{"@id":"https:\/\/fundacionpedrofarnes.org\/ca\/producto\/viure-leucaristia-que-ens-va-fer-celebrar-el-senyor\/#breadcrumb"},"inLanguage":"ca","potentialAction":[{"@type":"ReadAction","target":["https:\/\/fundacionpedrofarnes.org\/ca\/producto\/viure-leucaristia-que-ens-va-fer-celebrar-el-senyor\/"]}]},{"@type":"ImageObject","inLanguage":"ca","@id":"https:\/\/fundacionpedrofarnes.org\/ca\/producto\/viure-leucaristia-que-ens-va-fer-celebrar-el-senyor\/#primaryimage","url":"https:\/\/fundacionpedrofarnes.org\/wp-content\/uploads\/2023\/05\/vivir-la-eucaristia.png","contentUrl":"https:\/\/fundacionpedrofarnes.org\/wp-content\/uploads\/2023\/05\/vivir-la-eucaristia.png","width":600,"height":900,"caption":"Llibre \"Vivir la eucarist\u00eda que nos mand\u00f3 celebrar el Se\u00f1or\""},{"@type":"BreadcrumbList","@id":"https:\/\/fundacionpedrofarnes.org\/ca\/producto\/viure-leucaristia-que-ens-va-fer-celebrar-el-senyor\/#breadcrumb","itemListElement":[{"@type":"ListItem","position":1,"name":"Home","item":"https:\/\/fundacionpedrofarnes.org\/ca\/"},{"@type":"ListItem","position":2,"name":"Botiga","item":"https:\/\/fundacionpedrofarnes.org\/ca\/botiga\/"},{"@type":"ListItem","position":3,"name":"Viure l&#8217;eucaristia que ens va fer celebrar el senyor."}]},{"@type":"WebSite","@id":"https:\/\/fundacionpedrofarnes.org\/ca\/#website","url":"https:\/\/fundacionpedrofarnes.org\/ca\/","name":"Fundaci\u00f3 Pedro Farn\u00e9s","description":"","publisher":{"@id":"https:\/\/fundacionpedrofarnes.org\/ca\/#organization"},"potentialAction":[{"@type":"SearchAction","target":{"@type":"EntryPoint","urlTemplate":"https:\/\/fundacionpedrofarnes.org\/ca\/?s={search_term_string}"},"query-input":{"@type":"PropertyValueSpecification","valueRequired":true,"valueName":"search_term_string"}}],"inLanguage":"ca"},{"@type":"Organization","@id":"https:\/\/fundacionpedrofarnes.org\/ca\/#organization","name":"Fundaci\u00f3 Pedro Farn\u00e9s","url":"https:\/\/fundacionpedrofarnes.org\/ca\/","logo":{"@type":"ImageObject","inLanguage":"ca","@id":"https:\/\/fundacionpedrofarnes.org\/ca\/#\/schema\/logo\/image\/","url":"https:\/\/fundacionpedrofarnes.org\/wp-content\/uploads\/2023\/04\/logo.png","contentUrl":"https:\/\/fundacionpedrofarnes.org\/wp-content\/uploads\/2023\/04\/logo.png","width":92,"height":64,"caption":"Fundaci\u00f3 Pedro Farn\u00e9s"},"image":{"@id":"https:\/\/fundacionpedrofarnes.org\/ca\/#\/schema\/logo\/image\/"}}]}},"_links":{"self":[{"href":"https:\/\/fundacionpedrofarnes.org\/ca\/wp-json\/wp\/v2\/product\/742","targetHints":{"allow":["GET"]}}],"collection":[{"href":"https:\/\/fundacionpedrofarnes.org\/ca\/wp-json\/wp\/v2\/product"}],"about":[{"href":"https:\/\/fundacionpedrofarnes.org\/ca\/wp-json\/wp\/v2\/types\/product"}],"wp:featuredmedia":[{"embeddable":true,"href":"https:\/\/fundacionpedrofarnes.org\/ca\/wp-json\/wp\/v2\/media\/677"}],"wp:attachment":[{"href":"https:\/\/fundacionpedrofarnes.org\/ca\/wp-json\/wp\/v2\/media?parent=742"}],"wp:term":[{"taxonomy":"product_brand","embeddable":true,"href":"https:\/\/fundacionpedrofarnes.org\/ca\/wp-json\/wp\/v2\/product_brand?post=742"},{"taxonomy":"product_cat","embeddable":true,"href":"https:\/\/fundacionpedrofarnes.org\/ca\/wp-json\/wp\/v2\/product_cat?post=742"}],"curies":[{"name":"wp","href":"https:\/\/api.w.org\/{rel}","templated":true}]}}