{"id":740,"date":"2023-05-16T13:51:45","date_gmt":"2023-05-16T12:51:45","guid":{"rendered":"https:\/\/fundacionpedrofarnes.org\/producto\/el-goig-de-viure-i-celebrar-leucaristia-de-lesglesia\/"},"modified":"2023-11-03T10:38:41","modified_gmt":"2023-11-03T09:38:41","slug":"el-goig-de-viure-i-celebrar-leucaristia-de-lesglesia","status":"publish","type":"product","link":"https:\/\/fundacionpedrofarnes.org\/ca\/producto\/el-goig-de-viure-i-celebrar-leucaristia-de-lesglesia\/","title":{"rendered":"El Goig de viure i celebrar. L\u00b4Eucaristia de l\u00b4Esgl\u00e9sia."},"content":{"rendered":"<h2><strong>Sinopsis<\/strong><\/h2>\n<p><strong>El professor Gerardo Soler i Delegat Dioces\u00e0 de la Di\u00f2cesi de Lleida<\/strong>, incansable <strong>director d&#8217;exercicis espirituals a sacerdots, seminaristes i persones consagrades<\/strong>, enamorat del goig de celebrar la Lit\u00fargia com a rector que \u00e9s i amb gran capacitat per explicar i introduir al misteri de la Lit\u00fargia ens ofereix un<strong> senzill i preci\u00f3s llibre sobre l&#8217;Eucaristia<\/strong>.<\/p>\n<p>El Cardenal Rodr\u00edguez Maradiaga, a la di\u00f2cesi del qual (Tegucigalpa-Hondures) Mn. Gerardo ha desenvolupat saborosos cursets sobre la Lit\u00fargia i particularment l&#8217;Eucaristia, prologa molt positivament aquest llibre, fonamentant-se en la capacitat intel\u00b7lectual de Moss\u00e8n Gerardo, per\u00f2 sobretot en la seva capacitat d&#8217;assaborir els textos, gestos i actituds corporals.<\/p>\n<p>Aix\u00f2 suposat, el resultat \u00e9s que Mn. Soler Quintill\u00e0 comunica vida, entusiasme, goig pasqual, aquest darrer, assimilat a partir de la seva tesi doctoral. La claredat, senzillesa en l&#8217;exposici\u00f3 i no estar excessivament pendent d&#8217;aportar documentaci\u00f3 (s\u00ed la substancial per als seus objectius), fan del llibre un bon mitj\u00e0 per formar els fidels tots a l&#8217;entranya de l&#8217;Eucaristia, seguint l&#8217;OGMR a la seva edici\u00f3 32. Pot ser un bon instrument catequ\u00e8tic en el present, per con\u00e8ixer i \u201cagradar\u201d el sentit i els continguts de les parts i elements de la santa Missa.<\/p>\n<p class=\"h2 mt-3\"><strong>Consideracions<\/strong><\/p>\n<p>El llibre<strong> aborda gaireb\u00e9 tots o tots els aspectes i els continguts de l&#8217;Eucaristia<\/strong>. Els continguts s&#8217;agrupen en<strong> tres apartats<\/strong>:<\/p>\n<ul>\n<li>El <strong>primer<\/strong> uneix <strong>diversos aspectes i continguts de tipus m\u00e9s general i introductori a l&#8217;Eucaristia<\/strong> (el dia del Senyor, qu\u00e8 \u00e9s l&#8217;Eucaristia, la pres\u00e8ncia real, l&#8217;adoraci\u00f3, els ministeris, els gestos i les actituds corporals, vestidures, participaci\u00f3, etc.) No porta cap t\u00edtol.<\/li>\n<li>El <strong>segon<\/strong> porta el t\u00edtol <strong>&#8220;celebraci\u00f3 de l&#8217;Eucaristia&#8221;<\/strong>, segueix pas a pas la Missa, des de l&#8217;entrada i el cant que l&#8217;acompanya fins a la preg\u00e0ria dels fidels; \u00e9s un estudi minuci\u00f3s de tots els aspectes esmentats.<\/li>\n<li>El <strong>tercer<\/strong> apartat amb el t\u00edtol <strong>\u201cLit\u00fargia de l&#8217;Eucaristia\u201d<\/strong> inclou els<strong> ritus i els continguts de la segona part de la Missa. Mn. Soler<\/strong> ho fa amb minuciositat aturant-se als detalls m\u00e9s petits d&#8217;aquesta part de l&#8217;Eucaristia.<\/li>\n<\/ul>\n<p>L&#8217;obra acaba amb un <strong>Ap\u00e8ndix<\/strong> relatiu a: les <strong>misses rituals<\/strong> (Bautisme, primera Comuni\u00f3, Matrimoni, ordenaci\u00f3 sacerdotal)<strong>; misses i oracions per diverses necessitats, misses votives<\/strong> (les que demanen els fidels o tria el que presideix, quan es poden celebrar) i les <strong>misses de difunts<\/strong>.<\/p>\n<p>La bibliografia que selecciona \u00e9s breu, per\u00f2 pot estar a l&#8217;abast de tothom al poble de D\u00e9u.<\/p>\n<p>Felicitem el <strong>professor G. Soler<\/strong> per aquest preci\u00f3s i suc\u00f3s llibre sobre l&#8217;Eucaristia que estem segurs ajudar\u00e0<strong> sacerdots, religiosos\/es, catequistes i animadors de grups de Lit\u00fargia<\/strong>. Agra\u00efm tamb\u00e9 a la Fundaci\u00f3 Pedro Farn\u00e9s aquest esfor\u00e7 per afavorir l&#8217;aprofundiment en l&#8217;Eucaristia i en la seva dimensi\u00f3 espiritual, tal com ho desitja Mosen G. Soler.<\/p>\n<p>Per fer enviaments fora d&#8217;Espanya, no dubtis a posar-te en <a href=\"https:\/\/fundacionpedrofarnes.org\/ca\/contacte\/\">contacte amb nosaltres<\/a>.<\/p>\n","protected":false},"excerpt":{"rendered":"<p>El professor Gerardo Soler i Delegat Dioces\u00e0 de la Di\u00f2cesi de Lleida, incansable director d&#8217;exercicis espirituals a sacerdots, seminaristes i persones consagrades, enamorat del goig de celebrar la Lit\u00fargia<\/p>\n","protected":false},"featured_media":673,"template":"","meta":{"_acf_changed":false,"_monsterinsights_skip_tracking":false,"_monsterinsights_sitenote_active":false,"_monsterinsights_sitenote_note":"","_monsterinsights_sitenote_category":0},"product_brand":[],"product_cat":[61],"class_list":{"0":"post-740","1":"product","2":"type-product","3":"status-publish","4":"has-post-thumbnail","6":"product_cat-llibres","8":"first","9":"instock","10":"shipping-taxable","11":"purchasable","12":"product-type-simple"},"acf":[],"yoast_head":"<!-- This site is optimized with the Yoast SEO plugin v26.2 - https:\/\/yoast.com\/wordpress\/plugins\/seo\/ -->\n<title>El goig de viure i celebrar eucaristia de l&#039;esgl\u00e9sia | Fundaci\u00f3 Pedro Farn\u00e9s<\/title>\n<meta name=\"description\" content=\"Descobreix el llibre del Professor G. Soler sobre l&#039;Eucaristia, una obra profunda i detallada que guiar\u00e0 sacerdots i laics a la celebraci\u00f3 lit\u00fargica.\" \/>\n<meta name=\"robots\" content=\"noindex, follow, max-snippet:-1, max-image-preview:large, max-video-preview:-1\" \/>\n<meta property=\"og:locale\" content=\"ca_ES\" \/>\n<meta property=\"og:type\" content=\"article\" \/>\n<meta property=\"og:title\" content=\"El goig de viure i celebrar eucaristia de l&#039;esgl\u00e9sia | Fundaci\u00f3 Pedro Farn\u00e9s\" \/>\n<meta property=\"og:description\" content=\"Descobreix el llibre del Professor G. Soler sobre l&#039;Eucaristia, una obra profunda i detallada que guiar\u00e0 sacerdots i laics a la celebraci\u00f3 lit\u00fargica.\" \/>\n<meta property=\"og:url\" content=\"https:\/\/fundacionpedrofarnes.org\/ca\/producto\/el-goig-de-viure-i-celebrar-leucaristia-de-lesglesia\/\" \/>\n<meta property=\"og:site_name\" content=\"Fundaci\u00f3 Pedro Farn\u00e9s\" \/>\n<meta property=\"article:modified_time\" content=\"2023-11-03T09:38:41+00:00\" \/>\n<meta property=\"og:image\" content=\"https:\/\/fundacionpedrofarnes.org\/wp-content\/uploads\/2023\/05\/el-gozo-de-vivir.png\" \/>\n\t<meta property=\"og:image:width\" content=\"600\" \/>\n\t<meta property=\"og:image:height\" content=\"900\" \/>\n\t<meta property=\"og:image:type\" content=\"image\/png\" \/>\n<meta name=\"twitter:card\" content=\"summary_large_image\" \/>\n<meta name=\"twitter:title\" content=\"El goig de viure i celebrar eucaristia de l&#039;esgl\u00e9sia | Fundaci\u00f3 Pedro Farn\u00e9s\" \/>\n<meta name=\"twitter:description\" content=\"Descobreix el llibre del Professor G. Soler sobre l&#039;Eucaristia, una obra profunda i detallada que guiar\u00e0 sacerdots i laics a la celebraci\u00f3 lit\u00fargica.\" \/>\n<meta name=\"twitter:image\" content=\"https:\/\/fundacionpedrofarnes.org\/wp-content\/uploads\/2023\/05\/el-gozo-de-vivir.png\" \/>\n<meta name=\"twitter:label1\" content=\"Temps estimat de lectura\" \/>\n\t<meta name=\"twitter:data1\" content=\"3 minuts\" \/>\n<script type=\"application\/ld+json\" class=\"yoast-schema-graph\">{\"@context\":\"https:\/\/schema.org\",\"@graph\":[{\"@type\":\"WebPage\",\"@id\":\"https:\/\/fundacionpedrofarnes.org\/ca\/producto\/el-goig-de-viure-i-celebrar-leucaristia-de-lesglesia\/\",\"url\":\"https:\/\/fundacionpedrofarnes.org\/ca\/producto\/el-goig-de-viure-i-celebrar-leucaristia-de-lesglesia\/\",\"name\":\"El goig de viure i celebrar eucaristia de l'esgl\u00e9sia | Fundaci\u00f3 Pedro Farn\u00e9s\",\"isPartOf\":{\"@id\":\"https:\/\/fundacionpedrofarnes.org\/ca\/#website\"},\"primaryImageOfPage\":{\"@id\":\"https:\/\/fundacionpedrofarnes.org\/ca\/producto\/el-goig-de-viure-i-celebrar-leucaristia-de-lesglesia\/#primaryimage\"},\"image\":{\"@id\":\"https:\/\/fundacionpedrofarnes.org\/ca\/producto\/el-goig-de-viure-i-celebrar-leucaristia-de-lesglesia\/#primaryimage\"},\"thumbnailUrl\":\"https:\/\/fundacionpedrofarnes.org\/wp-content\/uploads\/2023\/05\/el-gozo-de-vivir.png\",\"datePublished\":\"2023-05-16T12:51:45+00:00\",\"dateModified\":\"2023-11-03T09:38:41+00:00\",\"description\":\"Descobreix el llibre del Professor G. Soler sobre l'Eucaristia, una obra profunda i detallada que guiar\u00e0 sacerdots i laics a la celebraci\u00f3 lit\u00fargica.\",\"breadcrumb\":{\"@id\":\"https:\/\/fundacionpedrofarnes.org\/ca\/producto\/el-goig-de-viure-i-celebrar-leucaristia-de-lesglesia\/#breadcrumb\"},\"inLanguage\":\"ca\",\"potentialAction\":[{\"@type\":\"ReadAction\",\"target\":[\"https:\/\/fundacionpedrofarnes.org\/ca\/producto\/el-goig-de-viure-i-celebrar-leucaristia-de-lesglesia\/\"]}]},{\"@type\":\"ImageObject\",\"inLanguage\":\"ca\",\"@id\":\"https:\/\/fundacionpedrofarnes.org\/ca\/producto\/el-goig-de-viure-i-celebrar-leucaristia-de-lesglesia\/#primaryimage\",\"url\":\"https:\/\/fundacionpedrofarnes.org\/wp-content\/uploads\/2023\/05\/el-gozo-de-vivir.png\",\"contentUrl\":\"https:\/\/fundacionpedrofarnes.org\/wp-content\/uploads\/2023\/05\/el-gozo-de-vivir.png\",\"width\":600,\"height\":900,\"caption\":\"Llibre \\\"El gozo de vivir y celebrar la eucarist\u00eda de la iglesia\\\"\"},{\"@type\":\"BreadcrumbList\",\"@id\":\"https:\/\/fundacionpedrofarnes.org\/ca\/producto\/el-goig-de-viure-i-celebrar-leucaristia-de-lesglesia\/#breadcrumb\",\"itemListElement\":[{\"@type\":\"ListItem\",\"position\":1,\"name\":\"Home\",\"item\":\"https:\/\/fundacionpedrofarnes.org\/ca\/\"},{\"@type\":\"ListItem\",\"position\":2,\"name\":\"Botiga\",\"item\":\"https:\/\/fundacionpedrofarnes.org\/ca\/botiga\/\"},{\"@type\":\"ListItem\",\"position\":3,\"name\":\"El Goig de viure i celebrar. L\u00b4Eucaristia de l\u00b4Esgl\u00e9sia.\"}]},{\"@type\":\"WebSite\",\"@id\":\"https:\/\/fundacionpedrofarnes.org\/ca\/#website\",\"url\":\"https:\/\/fundacionpedrofarnes.org\/ca\/\",\"name\":\"Fundaci\u00f3 Pedro Farn\u00e9s\",\"description\":\"\",\"publisher\":{\"@id\":\"https:\/\/fundacionpedrofarnes.org\/ca\/#organization\"},\"potentialAction\":[{\"@type\":\"SearchAction\",\"target\":{\"@type\":\"EntryPoint\",\"urlTemplate\":\"https:\/\/fundacionpedrofarnes.org\/ca\/?s={search_term_string}\"},\"query-input\":{\"@type\":\"PropertyValueSpecification\",\"valueRequired\":true,\"valueName\":\"search_term_string\"}}],\"inLanguage\":\"ca\"},{\"@type\":\"Organization\",\"@id\":\"https:\/\/fundacionpedrofarnes.org\/ca\/#organization\",\"name\":\"Fundaci\u00f3 Pedro Farn\u00e9s\",\"url\":\"https:\/\/fundacionpedrofarnes.org\/ca\/\",\"logo\":{\"@type\":\"ImageObject\",\"inLanguage\":\"ca\",\"@id\":\"https:\/\/fundacionpedrofarnes.org\/ca\/#\/schema\/logo\/image\/\",\"url\":\"https:\/\/fundacionpedrofarnes.org\/wp-content\/uploads\/2023\/04\/logo.png\",\"contentUrl\":\"https:\/\/fundacionpedrofarnes.org\/wp-content\/uploads\/2023\/04\/logo.png\",\"width\":92,\"height\":64,\"caption\":\"Fundaci\u00f3 Pedro Farn\u00e9s\"},\"image\":{\"@id\":\"https:\/\/fundacionpedrofarnes.org\/ca\/#\/schema\/logo\/image\/\"}}]}<\/script>\n<!-- \/ Yoast SEO plugin. -->","yoast_head_json":{"title":"El goig de viure i celebrar eucaristia de l'esgl\u00e9sia | Fundaci\u00f3 Pedro Farn\u00e9s","description":"Descobreix el llibre del Professor G. Soler sobre l'Eucaristia, una obra profunda i detallada que guiar\u00e0 sacerdots i laics a la celebraci\u00f3 lit\u00fargica.","robots":{"index":"noindex","follow":"follow","max-snippet":"max-snippet:-1","max-image-preview":"max-image-preview:large","max-video-preview":"max-video-preview:-1"},"og_locale":"ca_ES","og_type":"article","og_title":"El goig de viure i celebrar eucaristia de l'esgl\u00e9sia | Fundaci\u00f3 Pedro Farn\u00e9s","og_description":"Descobreix el llibre del Professor G. Soler sobre l'Eucaristia, una obra profunda i detallada que guiar\u00e0 sacerdots i laics a la celebraci\u00f3 lit\u00fargica.","og_url":"https:\/\/fundacionpedrofarnes.org\/ca\/producto\/el-goig-de-viure-i-celebrar-leucaristia-de-lesglesia\/","og_site_name":"Fundaci\u00f3 Pedro Farn\u00e9s","article_modified_time":"2023-11-03T09:38:41+00:00","og_image":[{"width":600,"height":900,"url":"https:\/\/fundacionpedrofarnes.org\/wp-content\/uploads\/2023\/05\/el-gozo-de-vivir.png","type":"image\/png"}],"twitter_card":"summary_large_image","twitter_title":"El goig de viure i celebrar eucaristia de l'esgl\u00e9sia | Fundaci\u00f3 Pedro Farn\u00e9s","twitter_description":"Descobreix el llibre del Professor G. Soler sobre l'Eucaristia, una obra profunda i detallada que guiar\u00e0 sacerdots i laics a la celebraci\u00f3 lit\u00fargica.","twitter_image":"https:\/\/fundacionpedrofarnes.org\/wp-content\/uploads\/2023\/05\/el-gozo-de-vivir.png","twitter_misc":{"Temps estimat de lectura":"3 minuts"},"schema":{"@context":"https:\/\/schema.org","@graph":[{"@type":"WebPage","@id":"https:\/\/fundacionpedrofarnes.org\/ca\/producto\/el-goig-de-viure-i-celebrar-leucaristia-de-lesglesia\/","url":"https:\/\/fundacionpedrofarnes.org\/ca\/producto\/el-goig-de-viure-i-celebrar-leucaristia-de-lesglesia\/","name":"El goig de viure i celebrar eucaristia de l'esgl\u00e9sia | Fundaci\u00f3 Pedro Farn\u00e9s","isPartOf":{"@id":"https:\/\/fundacionpedrofarnes.org\/ca\/#website"},"primaryImageOfPage":{"@id":"https:\/\/fundacionpedrofarnes.org\/ca\/producto\/el-goig-de-viure-i-celebrar-leucaristia-de-lesglesia\/#primaryimage"},"image":{"@id":"https:\/\/fundacionpedrofarnes.org\/ca\/producto\/el-goig-de-viure-i-celebrar-leucaristia-de-lesglesia\/#primaryimage"},"thumbnailUrl":"https:\/\/fundacionpedrofarnes.org\/wp-content\/uploads\/2023\/05\/el-gozo-de-vivir.png","datePublished":"2023-05-16T12:51:45+00:00","dateModified":"2023-11-03T09:38:41+00:00","description":"Descobreix el llibre del Professor G. Soler sobre l'Eucaristia, una obra profunda i detallada que guiar\u00e0 sacerdots i laics a la celebraci\u00f3 lit\u00fargica.","breadcrumb":{"@id":"https:\/\/fundacionpedrofarnes.org\/ca\/producto\/el-goig-de-viure-i-celebrar-leucaristia-de-lesglesia\/#breadcrumb"},"inLanguage":"ca","potentialAction":[{"@type":"ReadAction","target":["https:\/\/fundacionpedrofarnes.org\/ca\/producto\/el-goig-de-viure-i-celebrar-leucaristia-de-lesglesia\/"]}]},{"@type":"ImageObject","inLanguage":"ca","@id":"https:\/\/fundacionpedrofarnes.org\/ca\/producto\/el-goig-de-viure-i-celebrar-leucaristia-de-lesglesia\/#primaryimage","url":"https:\/\/fundacionpedrofarnes.org\/wp-content\/uploads\/2023\/05\/el-gozo-de-vivir.png","contentUrl":"https:\/\/fundacionpedrofarnes.org\/wp-content\/uploads\/2023\/05\/el-gozo-de-vivir.png","width":600,"height":900,"caption":"Llibre \"El gozo de vivir y celebrar la eucarist\u00eda de la iglesia\""},{"@type":"BreadcrumbList","@id":"https:\/\/fundacionpedrofarnes.org\/ca\/producto\/el-goig-de-viure-i-celebrar-leucaristia-de-lesglesia\/#breadcrumb","itemListElement":[{"@type":"ListItem","position":1,"name":"Home","item":"https:\/\/fundacionpedrofarnes.org\/ca\/"},{"@type":"ListItem","position":2,"name":"Botiga","item":"https:\/\/fundacionpedrofarnes.org\/ca\/botiga\/"},{"@type":"ListItem","position":3,"name":"El Goig de viure i celebrar. L\u00b4Eucaristia de l\u00b4Esgl\u00e9sia."}]},{"@type":"WebSite","@id":"https:\/\/fundacionpedrofarnes.org\/ca\/#website","url":"https:\/\/fundacionpedrofarnes.org\/ca\/","name":"Fundaci\u00f3 Pedro Farn\u00e9s","description":"","publisher":{"@id":"https:\/\/fundacionpedrofarnes.org\/ca\/#organization"},"potentialAction":[{"@type":"SearchAction","target":{"@type":"EntryPoint","urlTemplate":"https:\/\/fundacionpedrofarnes.org\/ca\/?s={search_term_string}"},"query-input":{"@type":"PropertyValueSpecification","valueRequired":true,"valueName":"search_term_string"}}],"inLanguage":"ca"},{"@type":"Organization","@id":"https:\/\/fundacionpedrofarnes.org\/ca\/#organization","name":"Fundaci\u00f3 Pedro Farn\u00e9s","url":"https:\/\/fundacionpedrofarnes.org\/ca\/","logo":{"@type":"ImageObject","inLanguage":"ca","@id":"https:\/\/fundacionpedrofarnes.org\/ca\/#\/schema\/logo\/image\/","url":"https:\/\/fundacionpedrofarnes.org\/wp-content\/uploads\/2023\/04\/logo.png","contentUrl":"https:\/\/fundacionpedrofarnes.org\/wp-content\/uploads\/2023\/04\/logo.png","width":92,"height":64,"caption":"Fundaci\u00f3 Pedro Farn\u00e9s"},"image":{"@id":"https:\/\/fundacionpedrofarnes.org\/ca\/#\/schema\/logo\/image\/"}}]}},"_links":{"self":[{"href":"https:\/\/fundacionpedrofarnes.org\/ca\/wp-json\/wp\/v2\/product\/740","targetHints":{"allow":["GET"]}}],"collection":[{"href":"https:\/\/fundacionpedrofarnes.org\/ca\/wp-json\/wp\/v2\/product"}],"about":[{"href":"https:\/\/fundacionpedrofarnes.org\/ca\/wp-json\/wp\/v2\/types\/product"}],"wp:featuredmedia":[{"embeddable":true,"href":"https:\/\/fundacionpedrofarnes.org\/ca\/wp-json\/wp\/v2\/media\/673"}],"wp:attachment":[{"href":"https:\/\/fundacionpedrofarnes.org\/ca\/wp-json\/wp\/v2\/media?parent=740"}],"wp:term":[{"taxonomy":"product_brand","embeddable":true,"href":"https:\/\/fundacionpedrofarnes.org\/ca\/wp-json\/wp\/v2\/product_brand?post=740"},{"taxonomy":"product_cat","embeddable":true,"href":"https:\/\/fundacionpedrofarnes.org\/ca\/wp-json\/wp\/v2\/product_cat?post=740"}],"curies":[{"name":"wp","href":"https:\/\/api.w.org\/{rel}","templated":true}]}}