{"id":728,"date":"2023-03-13T13:27:12","date_gmt":"2023-03-13T12:27:12","guid":{"rendered":"https:\/\/fundacionpedrofarnes.org\/politica-de-privadesa\/"},"modified":"2023-11-13T13:51:21","modified_gmt":"2023-11-13T12:51:21","slug":"politica-de-privadesa","status":"publish","type":"page","link":"https:\/\/fundacionpedrofarnes.org\/ca\/politica-de-privadesa\/","title":{"rendered":"Pol\u00edtica de privadesa"},"content":{"rendered":"<h4><u>Responsable Tractament<\/u><\/h4>\n<p>FUNDACION PEDRO FARNES &#8211; G64833130, amb domicili a Passeig de les Lletres, 9, 2\u00ba 4\u00aa. 08221 Terrassa. Tel\u00e8fon 933340248 i mail: <a href=\"mailto:secretaria@fundacionpedrofarnes.org\">secretaria@fundacionpedrofarnes.org<\/a><\/p>\n<h4><u>FINALITAT<\/u><\/h4>\n<p>La finalitat de la creaci\u00f3, exist\u00e8ncia i manteniment \u00e9s el tractament de les dades amb exclusius fins de de poder complir amb la nostra relaci\u00f3 comercial, i realitzar la facturaci\u00f3 del mateix.<\/p>\n<h4><u>LEGITIMACI\u00d3<\/u><\/h4>\n<p>La base legal per al tractament de les seves dades \u00e9s l&#8217;execuci\u00f3 de la relaci\u00f3 comercial entre el titular de la dada i el responsable del tractament i la informaci\u00f3 personal es conservar\u00e0 mentre es mantingui la relaci\u00f3 comercial o durant el temps estrictament necessari per complir amb les obligacions legals.<\/p>\n<h4><u>PER\u00cdODE DE CONSERVACI\u00d3<\/u><\/h4>\n<p>Les dades proporcionades es conservaran mentre es mantingui la relaci\u00f3 comercial o durant els anys necessaris per complir amb les obligacions legals<\/p>\n<h4><u>DESTINATARIS<\/u><\/h4>\n<p>Mentre duri el tractament de les dades de l&#8217;interessa tFUNDACION PEDRO FARNES no cedir\u00e0 les dades a tercers, llevat que hi hagi obligaci\u00f3 legal.<\/p>\n<p>En els sup\u00f2sits que, per a la realitzaci\u00f3 de tractaments de tipus administratiu, fiscal, comptable i \/ o comercial, es compti amb els serveis de tercers, es formalitzar\u00e0 degudament el preceptiu contracte d&#8217;encarregat de tractament, amb la finalitat de garantir la seguretat i confidencialitat de les dades de l&#8217;interessat davant de tercers.<\/p>\n<h4><u>DRETS<\/u><\/h4>\n<p>Les persones interessades tenen dret a accedir a les seves dades de car\u00e0cter personal, aix\u00ed com a sol\u00b7licitar-ne la rectificaci\u00f3 de les inexactes o, si escau, sol\u00b7licitar la supressi\u00f3 quan, entre d&#8217;altres motius, les dades ja no siguin necessaries per a la finalitat que van ser lliurades, aix\u00ed com retirar el consentiment atorgat. Tamb\u00e9 pot exercir el seu dret a la limitaci\u00f3 del tractament, de manera que les seves dades no seran suprimides per\u00f2 el tractament de les mateixes estar\u00e0 subjecte a limitacions.<\/p>\n<p>Els exercicis de portabilitat i automatitzaci\u00f3 de decisions no apliquen en aquest cas per la tipologia de dades i tractament de les mateixes.<\/p>\n","protected":false},"excerpt":{"rendered":"<p>Responsable Tractament FUNDACION PEDRO FARNES &#8211; G64833130, amb domicili a Passeig de les Lletres, 9, 2\u00ba 4\u00aa. 08221 Terrassa. Tel\u00e8fon 933340248 i mail: secretaria@fundacionpedrofarnes.org FINALITAT La finalitat de la creaci\u00f3,. <a href=\"https:\/\/fundacionpedrofarnes.org\/ca\/politica-de-privadesa\/\">Llegeix m\u00e9s<\/a><\/p>\n","protected":false},"author":1,"featured_media":0,"parent":0,"menu_order":0,"comment_status":"closed","ping_status":"closed","template":"","meta":{"_acf_changed":false,"_monsterinsights_skip_tracking":false,"_monsterinsights_sitenote_active":false,"_monsterinsights_sitenote_note":"","_monsterinsights_sitenote_category":0,"footnotes":""},"class_list":["post-728","page","type-page","status-publish","hentry"],"acf":[],"yoast_head":"<!-- This site is optimized with the Yoast SEO plugin v26.2 - https:\/\/yoast.com\/wordpress\/plugins\/seo\/ -->\n<title>Pol\u00edtica de privadesa | Fundaci\u00f3 Pedro Farn\u00e9s<\/title>\n<meta name=\"description\" content=\"Protegim la vostra privadesa gestionant les vostres dades complint amb la legalitat. Coneix m\u00e9s en la nostra pol\u00edtica de privadesa.\" \/>\n<meta name=\"robots\" content=\"noindex, follow\" \/>\n<meta property=\"og:locale\" content=\"ca_ES\" \/>\n<meta property=\"og:type\" content=\"article\" \/>\n<meta property=\"og:title\" content=\"Pol\u00edtica de privadesa | Fundaci\u00f3 Pedro Farn\u00e9s\" \/>\n<meta property=\"og:description\" content=\"Protegim la vostra privadesa gestionant les vostres dades complint amb la legalitat. Coneix m\u00e9s en la nostra pol\u00edtica de privadesa.\" \/>\n<meta property=\"og:url\" content=\"https:\/\/fundacionpedrofarnes.org\/ca\/politica-de-privadesa\/\" \/>\n<meta property=\"og:site_name\" content=\"Fundaci\u00f3 Pedro Farn\u00e9s\" \/>\n<meta property=\"article:modified_time\" content=\"2023-11-13T12:51:21+00:00\" \/>\n<meta property=\"og:image\" content=\"https:\/\/fundacionpedrofarnes.org\/wp-content\/uploads\/2023\/04\/logo.png\" \/>\n\t<meta property=\"og:image:width\" content=\"92\" \/>\n\t<meta property=\"og:image:height\" content=\"64\" \/>\n\t<meta property=\"og:image:type\" content=\"image\/png\" \/>\n<meta name=\"twitter:card\" content=\"summary_large_image\" \/>\n<meta name=\"twitter:title\" content=\"Pol\u00edtica de privadesa | Fundaci\u00f3 Pedro Farn\u00e9s\" \/>\n<meta name=\"twitter:description\" content=\"Protegim la vostra privadesa gestionant les vostres dades complint amb la legalitat. Coneix m\u00e9s en la nostra pol\u00edtica de privadesa.\" \/>\n<meta name=\"twitter:label1\" content=\"Temps estimat de lectura\" \/>\n\t<meta name=\"twitter:data1\" content=\"2 minuts\" \/>\n<script type=\"application\/ld+json\" class=\"yoast-schema-graph\">{\"@context\":\"https:\/\/schema.org\",\"@graph\":[{\"@type\":\"WebPage\",\"@id\":\"https:\/\/fundacionpedrofarnes.org\/ca\/politica-de-privadesa\/\",\"url\":\"https:\/\/fundacionpedrofarnes.org\/ca\/politica-de-privadesa\/\",\"name\":\"Pol\u00edtica de privadesa | Fundaci\u00f3 Pedro Farn\u00e9s\",\"isPartOf\":{\"@id\":\"https:\/\/fundacionpedrofarnes.org\/ca\/#website\"},\"datePublished\":\"2023-03-13T12:27:12+00:00\",\"dateModified\":\"2023-11-13T12:51:21+00:00\",\"description\":\"Protegim la vostra privadesa gestionant les vostres dades complint amb la legalitat. Coneix m\u00e9s en la nostra pol\u00edtica de privadesa.\",\"breadcrumb\":{\"@id\":\"https:\/\/fundacionpedrofarnes.org\/ca\/politica-de-privadesa\/#breadcrumb\"},\"inLanguage\":\"ca\",\"potentialAction\":[{\"@type\":\"ReadAction\",\"target\":[\"https:\/\/fundacionpedrofarnes.org\/ca\/politica-de-privadesa\/\"]}]},{\"@type\":\"BreadcrumbList\",\"@id\":\"https:\/\/fundacionpedrofarnes.org\/ca\/politica-de-privadesa\/#breadcrumb\",\"itemListElement\":[{\"@type\":\"ListItem\",\"position\":1,\"name\":\"Home\",\"item\":\"https:\/\/fundacionpedrofarnes.org\/ca\/\"},{\"@type\":\"ListItem\",\"position\":2,\"name\":\"Pol\u00edtica de privadesa\"}]},{\"@type\":\"WebSite\",\"@id\":\"https:\/\/fundacionpedrofarnes.org\/ca\/#website\",\"url\":\"https:\/\/fundacionpedrofarnes.org\/ca\/\",\"name\":\"Fundaci\u00f3 Pedro Farn\u00e9s\",\"description\":\"\",\"publisher\":{\"@id\":\"https:\/\/fundacionpedrofarnes.org\/ca\/#organization\"},\"potentialAction\":[{\"@type\":\"SearchAction\",\"target\":{\"@type\":\"EntryPoint\",\"urlTemplate\":\"https:\/\/fundacionpedrofarnes.org\/ca\/?s={search_term_string}\"},\"query-input\":{\"@type\":\"PropertyValueSpecification\",\"valueRequired\":true,\"valueName\":\"search_term_string\"}}],\"inLanguage\":\"ca\"},{\"@type\":\"Organization\",\"@id\":\"https:\/\/fundacionpedrofarnes.org\/ca\/#organization\",\"name\":\"Fundaci\u00f3 Pedro Farn\u00e9s\",\"url\":\"https:\/\/fundacionpedrofarnes.org\/ca\/\",\"logo\":{\"@type\":\"ImageObject\",\"inLanguage\":\"ca\",\"@id\":\"https:\/\/fundacionpedrofarnes.org\/ca\/#\/schema\/logo\/image\/\",\"url\":\"https:\/\/fundacionpedrofarnes.org\/wp-content\/uploads\/2023\/04\/logo.png\",\"contentUrl\":\"https:\/\/fundacionpedrofarnes.org\/wp-content\/uploads\/2023\/04\/logo.png\",\"width\":92,\"height\":64,\"caption\":\"Fundaci\u00f3 Pedro Farn\u00e9s\"},\"image\":{\"@id\":\"https:\/\/fundacionpedrofarnes.org\/ca\/#\/schema\/logo\/image\/\"}}]}<\/script>\n<!-- \/ Yoast SEO plugin. -->","yoast_head_json":{"title":"Pol\u00edtica de privadesa | Fundaci\u00f3 Pedro Farn\u00e9s","description":"Protegim la vostra privadesa gestionant les vostres dades complint amb la legalitat. Coneix m\u00e9s en la nostra pol\u00edtica de privadesa.","robots":{"index":"noindex","follow":"follow"},"og_locale":"ca_ES","og_type":"article","og_title":"Pol\u00edtica de privadesa | Fundaci\u00f3 Pedro Farn\u00e9s","og_description":"Protegim la vostra privadesa gestionant les vostres dades complint amb la legalitat. Coneix m\u00e9s en la nostra pol\u00edtica de privadesa.","og_url":"https:\/\/fundacionpedrofarnes.org\/ca\/politica-de-privadesa\/","og_site_name":"Fundaci\u00f3 Pedro Farn\u00e9s","article_modified_time":"2023-11-13T12:51:21+00:00","og_image":[{"width":92,"height":64,"url":"https:\/\/fundacionpedrofarnes.org\/wp-content\/uploads\/2023\/04\/logo.png","type":"image\/png"}],"twitter_card":"summary_large_image","twitter_title":"Pol\u00edtica de privadesa | Fundaci\u00f3 Pedro Farn\u00e9s","twitter_description":"Protegim la vostra privadesa gestionant les vostres dades complint amb la legalitat. Coneix m\u00e9s en la nostra pol\u00edtica de privadesa.","twitter_misc":{"Temps estimat de lectura":"2 minuts"},"schema":{"@context":"https:\/\/schema.org","@graph":[{"@type":"WebPage","@id":"https:\/\/fundacionpedrofarnes.org\/ca\/politica-de-privadesa\/","url":"https:\/\/fundacionpedrofarnes.org\/ca\/politica-de-privadesa\/","name":"Pol\u00edtica de privadesa | Fundaci\u00f3 Pedro Farn\u00e9s","isPartOf":{"@id":"https:\/\/fundacionpedrofarnes.org\/ca\/#website"},"datePublished":"2023-03-13T12:27:12+00:00","dateModified":"2023-11-13T12:51:21+00:00","description":"Protegim la vostra privadesa gestionant les vostres dades complint amb la legalitat. Coneix m\u00e9s en la nostra pol\u00edtica de privadesa.","breadcrumb":{"@id":"https:\/\/fundacionpedrofarnes.org\/ca\/politica-de-privadesa\/#breadcrumb"},"inLanguage":"ca","potentialAction":[{"@type":"ReadAction","target":["https:\/\/fundacionpedrofarnes.org\/ca\/politica-de-privadesa\/"]}]},{"@type":"BreadcrumbList","@id":"https:\/\/fundacionpedrofarnes.org\/ca\/politica-de-privadesa\/#breadcrumb","itemListElement":[{"@type":"ListItem","position":1,"name":"Home","item":"https:\/\/fundacionpedrofarnes.org\/ca\/"},{"@type":"ListItem","position":2,"name":"Pol\u00edtica de privadesa"}]},{"@type":"WebSite","@id":"https:\/\/fundacionpedrofarnes.org\/ca\/#website","url":"https:\/\/fundacionpedrofarnes.org\/ca\/","name":"Fundaci\u00f3 Pedro Farn\u00e9s","description":"","publisher":{"@id":"https:\/\/fundacionpedrofarnes.org\/ca\/#organization"},"potentialAction":[{"@type":"SearchAction","target":{"@type":"EntryPoint","urlTemplate":"https:\/\/fundacionpedrofarnes.org\/ca\/?s={search_term_string}"},"query-input":{"@type":"PropertyValueSpecification","valueRequired":true,"valueName":"search_term_string"}}],"inLanguage":"ca"},{"@type":"Organization","@id":"https:\/\/fundacionpedrofarnes.org\/ca\/#organization","name":"Fundaci\u00f3 Pedro Farn\u00e9s","url":"https:\/\/fundacionpedrofarnes.org\/ca\/","logo":{"@type":"ImageObject","inLanguage":"ca","@id":"https:\/\/fundacionpedrofarnes.org\/ca\/#\/schema\/logo\/image\/","url":"https:\/\/fundacionpedrofarnes.org\/wp-content\/uploads\/2023\/04\/logo.png","contentUrl":"https:\/\/fundacionpedrofarnes.org\/wp-content\/uploads\/2023\/04\/logo.png","width":92,"height":64,"caption":"Fundaci\u00f3 Pedro Farn\u00e9s"},"image":{"@id":"https:\/\/fundacionpedrofarnes.org\/ca\/#\/schema\/logo\/image\/"}}]}},"_links":{"self":[{"href":"https:\/\/fundacionpedrofarnes.org\/ca\/wp-json\/wp\/v2\/pages\/728","targetHints":{"allow":["GET"]}}],"collection":[{"href":"https:\/\/fundacionpedrofarnes.org\/ca\/wp-json\/wp\/v2\/pages"}],"about":[{"href":"https:\/\/fundacionpedrofarnes.org\/ca\/wp-json\/wp\/v2\/types\/page"}],"author":[{"embeddable":true,"href":"https:\/\/fundacionpedrofarnes.org\/ca\/wp-json\/wp\/v2\/users\/1"}],"replies":[{"embeddable":true,"href":"https:\/\/fundacionpedrofarnes.org\/ca\/wp-json\/wp\/v2\/comments?post=728"}],"version-history":[{"count":1,"href":"https:\/\/fundacionpedrofarnes.org\/ca\/wp-json\/wp\/v2\/pages\/728\/revisions"}],"predecessor-version":[{"id":763,"href":"https:\/\/fundacionpedrofarnes.org\/ca\/wp-json\/wp\/v2\/pages\/728\/revisions\/763"}],"wp:attachment":[{"href":"https:\/\/fundacionpedrofarnes.org\/ca\/wp-json\/wp\/v2\/media?parent=728"}],"curies":[{"name":"wp","href":"https:\/\/api.w.org\/{rel}","templated":true}]}}