{"id":723,"date":"2023-03-13T13:32:50","date_gmt":"2023-03-13T12:32:50","guid":{"rendered":"https:\/\/fundacionpedrofarnes.org\/home\/"},"modified":"2023-11-03T13:48:28","modified_gmt":"2023-11-03T12:48:28","slug":"home","status":"publish","type":"page","link":"https:\/\/fundacionpedrofarnes.org\/ca\/","title":{"rendered":"Home"},"content":{"rendered":"","protected":false},"excerpt":{"rendered":"","protected":false},"author":1,"featured_media":648,"parent":0,"menu_order":0,"comment_status":"closed","ping_status":"closed","template":"","meta":{"_acf_changed":false,"_monsterinsights_skip_tracking":false,"_monsterinsights_sitenote_active":false,"_monsterinsights_sitenote_note":"","_monsterinsights_sitenote_category":0,"footnotes":""},"class_list":["post-723","page","type-page","status-publish","has-post-thumbnail","hentry"],"acf":[],"yoast_head":"<!-- This site is optimized with the Yoast SEO plugin v26.2 - https:\/\/yoast.com\/wordpress\/plugins\/seo\/ -->\n<title>Home | Fundaci\u00f3 Pedro Farn\u00e9s<\/title>\n<meta name=\"description\" content=\"Coneix m\u00e9s sobre la vida i la hist\u00f2ria del nostre fundador, Pere Farn\u00e9s. Ell \u00e9s la persona que ha donat vida a aquesta fundaci\u00f3.\" \/>\n<meta name=\"robots\" content=\"noindex, follow, max-snippet:-1, max-image-preview:large, max-video-preview:-1\" \/>\n<meta property=\"og:locale\" content=\"ca_ES\" \/>\n<meta property=\"og:type\" content=\"article\" \/>\n<meta property=\"og:title\" content=\"Home | Fundaci\u00f3 Pedro Farn\u00e9s\" \/>\n<meta property=\"og:description\" content=\"Coneix m\u00e9s sobre la vida i la hist\u00f2ria del nostre fundador, Pere Farn\u00e9s. Ell \u00e9s la persona que ha donat vida a aquesta fundaci\u00f3.\" \/>\n<meta property=\"og:url\" content=\"https:\/\/fundacionpedrofarnes.org\/ca\/\" \/>\n<meta property=\"og:site_name\" content=\"Fundaci\u00f3 Pedro Farn\u00e9s\" \/>\n<meta property=\"article:modified_time\" content=\"2023-11-03T12:48:28+00:00\" \/>\n<meta property=\"og:image\" content=\"https:\/\/fundacionpedrofarnes.org\/wp-content\/uploads\/2023\/04\/header-home.jpg\" \/>\n\t<meta property=\"og:image:width\" content=\"1440\" \/>\n\t<meta property=\"og:image:height\" content=\"573\" \/>\n\t<meta property=\"og:image:type\" content=\"image\/jpeg\" \/>\n<meta name=\"twitter:card\" content=\"summary_large_image\" \/>\n<meta name=\"twitter:title\" content=\"Home | Fundaci\u00f3 Pedro Farn\u00e9s\" \/>\n<meta name=\"twitter:description\" content=\"Coneix m\u00e9s sobre la vida i la hist\u00f2ria del nostre fundador, Pere Farn\u00e9s. Ell \u00e9s la persona que ha donat vida a aquesta fundaci\u00f3.\" \/>\n<meta name=\"twitter:image\" content=\"https:\/\/fundacionpedrofarnes.org\/wp-content\/uploads\/2023\/04\/header-home.jpg\" \/>\n<script type=\"application\/ld+json\" class=\"yoast-schema-graph\">{\"@context\":\"https:\/\/schema.org\",\"@graph\":[{\"@type\":\"WebPage\",\"@id\":\"https:\/\/fundacionpedrofarnes.org\/ca\/\",\"url\":\"https:\/\/fundacionpedrofarnes.org\/ca\/\",\"name\":\"Home | Fundaci\u00f3 Pedro Farn\u00e9s\",\"isPartOf\":{\"@id\":\"https:\/\/fundacionpedrofarnes.org\/ca\/#website\"},\"primaryImageOfPage\":{\"@id\":\"https:\/\/fundacionpedrofarnes.org\/ca\/#primaryimage\"},\"image\":{\"@id\":\"https:\/\/fundacionpedrofarnes.org\/ca\/#primaryimage\"},\"thumbnailUrl\":\"https:\/\/fundacionpedrofarnes.org\/wp-content\/uploads\/2023\/04\/header-home.jpg\",\"datePublished\":\"2023-03-13T12:32:50+00:00\",\"dateModified\":\"2023-11-03T12:48:28+00:00\",\"description\":\"Coneix m\u00e9s sobre la vida i la hist\u00f2ria del nostre fundador, Pere Farn\u00e9s. Ell \u00e9s la persona que ha donat vida a aquesta fundaci\u00f3.\",\"breadcrumb\":{\"@id\":\"https:\/\/fundacionpedrofarnes.org\/ca\/#breadcrumb\"},\"inLanguage\":\"ca\",\"potentialAction\":[{\"@type\":\"ReadAction\",\"target\":[\"https:\/\/fundacionpedrofarnes.org\/ca\/\"]}]},{\"@type\":\"ImageObject\",\"inLanguage\":\"ca\",\"@id\":\"https:\/\/fundacionpedrofarnes.org\/ca\/#primaryimage\",\"url\":\"https:\/\/fundacionpedrofarnes.org\/wp-content\/uploads\/2023\/04\/header-home.jpg\",\"contentUrl\":\"https:\/\/fundacionpedrofarnes.org\/wp-content\/uploads\/2023\/04\/header-home.jpg\",\"width\":1440,\"height\":573},{\"@type\":\"BreadcrumbList\",\"@id\":\"https:\/\/fundacionpedrofarnes.org\/ca\/#breadcrumb\",\"itemListElement\":[{\"@type\":\"ListItem\",\"position\":1,\"name\":\"Home\",\"item\":\"https:\/\/fundacionpedrofarnes.org\/ca\/\"},{\"@type\":\"ListItem\",\"position\":2,\"name\":\"Home\"}]},{\"@type\":\"WebSite\",\"@id\":\"https:\/\/fundacionpedrofarnes.org\/ca\/#website\",\"url\":\"https:\/\/fundacionpedrofarnes.org\/ca\/\",\"name\":\"Fundaci\u00f3 Pedro Farn\u00e9s\",\"description\":\"\",\"publisher\":{\"@id\":\"https:\/\/fundacionpedrofarnes.org\/ca\/#organization\"},\"potentialAction\":[{\"@type\":\"SearchAction\",\"target\":{\"@type\":\"EntryPoint\",\"urlTemplate\":\"https:\/\/fundacionpedrofarnes.org\/ca\/?s={search_term_string}\"},\"query-input\":{\"@type\":\"PropertyValueSpecification\",\"valueRequired\":true,\"valueName\":\"search_term_string\"}}],\"inLanguage\":\"ca\"},{\"@type\":\"Organization\",\"@id\":\"https:\/\/fundacionpedrofarnes.org\/ca\/#organization\",\"name\":\"Fundaci\u00f3 Pedro Farn\u00e9s\",\"url\":\"https:\/\/fundacionpedrofarnes.org\/ca\/\",\"logo\":{\"@type\":\"ImageObject\",\"inLanguage\":\"ca\",\"@id\":\"https:\/\/fundacionpedrofarnes.org\/ca\/#\/schema\/logo\/image\/\",\"url\":\"https:\/\/fundacionpedrofarnes.org\/wp-content\/uploads\/2023\/04\/logo.png\",\"contentUrl\":\"https:\/\/fundacionpedrofarnes.org\/wp-content\/uploads\/2023\/04\/logo.png\",\"width\":92,\"height\":64,\"caption\":\"Fundaci\u00f3 Pedro Farn\u00e9s\"},\"image\":{\"@id\":\"https:\/\/fundacionpedrofarnes.org\/ca\/#\/schema\/logo\/image\/\"}}]}<\/script>\n<!-- \/ Yoast SEO plugin. -->","yoast_head_json":{"title":"Home | Fundaci\u00f3 Pedro Farn\u00e9s","description":"Coneix m\u00e9s sobre la vida i la hist\u00f2ria del nostre fundador, Pere Farn\u00e9s. Ell \u00e9s la persona que ha donat vida a aquesta fundaci\u00f3.","robots":{"index":"noindex","follow":"follow","max-snippet":"max-snippet:-1","max-image-preview":"max-image-preview:large","max-video-preview":"max-video-preview:-1"},"og_locale":"ca_ES","og_type":"article","og_title":"Home | Fundaci\u00f3 Pedro Farn\u00e9s","og_description":"Coneix m\u00e9s sobre la vida i la hist\u00f2ria del nostre fundador, Pere Farn\u00e9s. Ell \u00e9s la persona que ha donat vida a aquesta fundaci\u00f3.","og_url":"https:\/\/fundacionpedrofarnes.org\/ca\/","og_site_name":"Fundaci\u00f3 Pedro Farn\u00e9s","article_modified_time":"2023-11-03T12:48:28+00:00","og_image":[{"width":1440,"height":573,"url":"https:\/\/fundacionpedrofarnes.org\/wp-content\/uploads\/2023\/04\/header-home.jpg","type":"image\/jpeg"}],"twitter_card":"summary_large_image","twitter_title":"Home | Fundaci\u00f3 Pedro Farn\u00e9s","twitter_description":"Coneix m\u00e9s sobre la vida i la hist\u00f2ria del nostre fundador, Pere Farn\u00e9s. Ell \u00e9s la persona que ha donat vida a aquesta fundaci\u00f3.","twitter_image":"https:\/\/fundacionpedrofarnes.org\/wp-content\/uploads\/2023\/04\/header-home.jpg","schema":{"@context":"https:\/\/schema.org","@graph":[{"@type":"WebPage","@id":"https:\/\/fundacionpedrofarnes.org\/ca\/","url":"https:\/\/fundacionpedrofarnes.org\/ca\/","name":"Home | Fundaci\u00f3 Pedro Farn\u00e9s","isPartOf":{"@id":"https:\/\/fundacionpedrofarnes.org\/ca\/#website"},"primaryImageOfPage":{"@id":"https:\/\/fundacionpedrofarnes.org\/ca\/#primaryimage"},"image":{"@id":"https:\/\/fundacionpedrofarnes.org\/ca\/#primaryimage"},"thumbnailUrl":"https:\/\/fundacionpedrofarnes.org\/wp-content\/uploads\/2023\/04\/header-home.jpg","datePublished":"2023-03-13T12:32:50+00:00","dateModified":"2023-11-03T12:48:28+00:00","description":"Coneix m\u00e9s sobre la vida i la hist\u00f2ria del nostre fundador, Pere Farn\u00e9s. Ell \u00e9s la persona que ha donat vida a aquesta fundaci\u00f3.","breadcrumb":{"@id":"https:\/\/fundacionpedrofarnes.org\/ca\/#breadcrumb"},"inLanguage":"ca","potentialAction":[{"@type":"ReadAction","target":["https:\/\/fundacionpedrofarnes.org\/ca\/"]}]},{"@type":"ImageObject","inLanguage":"ca","@id":"https:\/\/fundacionpedrofarnes.org\/ca\/#primaryimage","url":"https:\/\/fundacionpedrofarnes.org\/wp-content\/uploads\/2023\/04\/header-home.jpg","contentUrl":"https:\/\/fundacionpedrofarnes.org\/wp-content\/uploads\/2023\/04\/header-home.jpg","width":1440,"height":573},{"@type":"BreadcrumbList","@id":"https:\/\/fundacionpedrofarnes.org\/ca\/#breadcrumb","itemListElement":[{"@type":"ListItem","position":1,"name":"Home","item":"https:\/\/fundacionpedrofarnes.org\/ca\/"},{"@type":"ListItem","position":2,"name":"Home"}]},{"@type":"WebSite","@id":"https:\/\/fundacionpedrofarnes.org\/ca\/#website","url":"https:\/\/fundacionpedrofarnes.org\/ca\/","name":"Fundaci\u00f3 Pedro Farn\u00e9s","description":"","publisher":{"@id":"https:\/\/fundacionpedrofarnes.org\/ca\/#organization"},"potentialAction":[{"@type":"SearchAction","target":{"@type":"EntryPoint","urlTemplate":"https:\/\/fundacionpedrofarnes.org\/ca\/?s={search_term_string}"},"query-input":{"@type":"PropertyValueSpecification","valueRequired":true,"valueName":"search_term_string"}}],"inLanguage":"ca"},{"@type":"Organization","@id":"https:\/\/fundacionpedrofarnes.org\/ca\/#organization","name":"Fundaci\u00f3 Pedro Farn\u00e9s","url":"https:\/\/fundacionpedrofarnes.org\/ca\/","logo":{"@type":"ImageObject","inLanguage":"ca","@id":"https:\/\/fundacionpedrofarnes.org\/ca\/#\/schema\/logo\/image\/","url":"https:\/\/fundacionpedrofarnes.org\/wp-content\/uploads\/2023\/04\/logo.png","contentUrl":"https:\/\/fundacionpedrofarnes.org\/wp-content\/uploads\/2023\/04\/logo.png","width":92,"height":64,"caption":"Fundaci\u00f3 Pedro Farn\u00e9s"},"image":{"@id":"https:\/\/fundacionpedrofarnes.org\/ca\/#\/schema\/logo\/image\/"}}]}},"_links":{"self":[{"href":"https:\/\/fundacionpedrofarnes.org\/ca\/wp-json\/wp\/v2\/pages\/723","targetHints":{"allow":["GET"]}}],"collection":[{"href":"https:\/\/fundacionpedrofarnes.org\/ca\/wp-json\/wp\/v2\/pages"}],"about":[{"href":"https:\/\/fundacionpedrofarnes.org\/ca\/wp-json\/wp\/v2\/types\/page"}],"author":[{"embeddable":true,"href":"https:\/\/fundacionpedrofarnes.org\/ca\/wp-json\/wp\/v2\/users\/1"}],"replies":[{"embeddable":true,"href":"https:\/\/fundacionpedrofarnes.org\/ca\/wp-json\/wp\/v2\/comments?post=723"}],"version-history":[{"count":1,"href":"https:\/\/fundacionpedrofarnes.org\/ca\/wp-json\/wp\/v2\/pages\/723\/revisions"}],"predecessor-version":[{"id":729,"href":"https:\/\/fundacionpedrofarnes.org\/ca\/wp-json\/wp\/v2\/pages\/723\/revisions\/729"}],"wp:featuredmedia":[{"embeddable":true,"href":"https:\/\/fundacionpedrofarnes.org\/ca\/wp-json\/wp\/v2\/media\/648"}],"wp:attachment":[{"href":"https:\/\/fundacionpedrofarnes.org\/ca\/wp-json\/wp\/v2\/media?parent=723"}],"curies":[{"name":"wp","href":"https:\/\/api.w.org\/{rel}","templated":true}]}}