{"id":720,"date":"2023-04-20T11:47:04","date_gmt":"2023-04-20T10:47:04","guid":{"rendered":"https:\/\/fundacionpedrofarnes.org\/el-patronat\/"},"modified":"2023-11-03T13:29:25","modified_gmt":"2023-11-03T12:29:25","slug":"el-patronat","status":"publish","type":"page","link":"https:\/\/fundacionpedrofarnes.org\/ca\/el-patronat\/","title":{"rendered":"El patronat"},"content":{"rendered":"","protected":false},"excerpt":{"rendered":"","protected":false},"author":1,"featured_media":661,"parent":0,"menu_order":0,"comment_status":"closed","ping_status":"closed","template":"templates\/page-members.php","meta":{"_acf_changed":false,"_monsterinsights_skip_tracking":false,"_monsterinsights_sitenote_active":false,"_monsterinsights_sitenote_note":"","_monsterinsights_sitenote_category":0,"footnotes":""},"class_list":["post-720","page","type-page","status-publish","has-post-thumbnail","hentry"],"acf":[],"yoast_head":"<!-- This site is optimized with the Yoast SEO plugin v26.2 - https:\/\/yoast.com\/wordpress\/plugins\/seo\/ -->\n<title>El Patronat | Fundaci\u00f3 Pedro Farn\u00e9s<\/title>\n<meta name=\"description\" content=\"Coneix el nostre Patronat: \u00e9s l&#039;\u00f2rgan encarregat de dur a terme la gesti\u00f3 i l&#039;administraci\u00f3 de la Fundaci\u00f3.\" \/>\n<meta name=\"robots\" content=\"noindex, follow, max-snippet:-1, max-image-preview:large, max-video-preview:-1\" \/>\n<meta property=\"og:locale\" content=\"ca_ES\" \/>\n<meta property=\"og:type\" content=\"article\" \/>\n<meta property=\"og:title\" content=\"El Patronat | Fundaci\u00f3 Pedro Farn\u00e9s\" \/>\n<meta property=\"og:description\" content=\"Coneix el nostre Patronat: \u00e9s l&#039;\u00f2rgan encarregat de dur a terme la gesti\u00f3 i l&#039;administraci\u00f3 de la Fundaci\u00f3.\" \/>\n<meta property=\"og:url\" content=\"https:\/\/fundacionpedrofarnes.org\/ca\/el-patronat\/\" \/>\n<meta property=\"og:site_name\" content=\"Fundaci\u00f3 Pedro Farn\u00e9s\" \/>\n<meta property=\"article:modified_time\" content=\"2023-11-03T12:29:25+00:00\" \/>\n<meta property=\"og:image\" content=\"https:\/\/fundacionpedrofarnes.org\/wp-content\/uploads\/2023\/04\/header-patronato.jpg\" \/>\n\t<meta property=\"og:image:width\" content=\"1440\" \/>\n\t<meta property=\"og:image:height\" content=\"440\" \/>\n\t<meta property=\"og:image:type\" content=\"image\/jpeg\" \/>\n<meta name=\"twitter:card\" content=\"summary_large_image\" \/>\n<meta name=\"twitter:title\" content=\"El Patronat | Fundaci\u00f3 Pedro Farn\u00e9s\" \/>\n<meta name=\"twitter:description\" content=\"Coneix el nostre Patronat: \u00e9s l&#039;\u00f2rgan encarregat de dur a terme la gesti\u00f3 i l&#039;administraci\u00f3 de la Fundaci\u00f3.\" \/>\n<meta name=\"twitter:image\" content=\"https:\/\/fundacionpedrofarnes.org\/wp-content\/uploads\/2023\/04\/header-patronato.jpg\" \/>\n<script type=\"application\/ld+json\" class=\"yoast-schema-graph\">{\"@context\":\"https:\/\/schema.org\",\"@graph\":[{\"@type\":\"WebPage\",\"@id\":\"https:\/\/fundacionpedrofarnes.org\/ca\/el-patronat\/\",\"url\":\"https:\/\/fundacionpedrofarnes.org\/ca\/el-patronat\/\",\"name\":\"El Patronat | Fundaci\u00f3 Pedro Farn\u00e9s\",\"isPartOf\":{\"@id\":\"https:\/\/fundacionpedrofarnes.org\/ca\/#website\"},\"primaryImageOfPage\":{\"@id\":\"https:\/\/fundacionpedrofarnes.org\/ca\/el-patronat\/#primaryimage\"},\"image\":{\"@id\":\"https:\/\/fundacionpedrofarnes.org\/ca\/el-patronat\/#primaryimage\"},\"thumbnailUrl\":\"https:\/\/fundacionpedrofarnes.org\/wp-content\/uploads\/2023\/04\/header-patronato.jpg\",\"datePublished\":\"2023-04-20T10:47:04+00:00\",\"dateModified\":\"2023-11-03T12:29:25+00:00\",\"description\":\"Coneix el nostre Patronat: \u00e9s l'\u00f2rgan encarregat de dur a terme la gesti\u00f3 i l'administraci\u00f3 de la Fundaci\u00f3.\",\"breadcrumb\":{\"@id\":\"https:\/\/fundacionpedrofarnes.org\/ca\/el-patronat\/#breadcrumb\"},\"inLanguage\":\"ca\",\"potentialAction\":[{\"@type\":\"ReadAction\",\"target\":[\"https:\/\/fundacionpedrofarnes.org\/ca\/el-patronat\/\"]}]},{\"@type\":\"ImageObject\",\"inLanguage\":\"ca\",\"@id\":\"https:\/\/fundacionpedrofarnes.org\/ca\/el-patronat\/#primaryimage\",\"url\":\"https:\/\/fundacionpedrofarnes.org\/wp-content\/uploads\/2023\/04\/header-patronato.jpg\",\"contentUrl\":\"https:\/\/fundacionpedrofarnes.org\/wp-content\/uploads\/2023\/04\/header-patronato.jpg\",\"width\":1440,\"height\":440},{\"@type\":\"BreadcrumbList\",\"@id\":\"https:\/\/fundacionpedrofarnes.org\/ca\/el-patronat\/#breadcrumb\",\"itemListElement\":[{\"@type\":\"ListItem\",\"position\":1,\"name\":\"Home\",\"item\":\"https:\/\/fundacionpedrofarnes.org\/ca\/\"},{\"@type\":\"ListItem\",\"position\":2,\"name\":\"El patronat\"}]},{\"@type\":\"WebSite\",\"@id\":\"https:\/\/fundacionpedrofarnes.org\/ca\/#website\",\"url\":\"https:\/\/fundacionpedrofarnes.org\/ca\/\",\"name\":\"Fundaci\u00f3 Pedro Farn\u00e9s\",\"description\":\"\",\"publisher\":{\"@id\":\"https:\/\/fundacionpedrofarnes.org\/ca\/#organization\"},\"potentialAction\":[{\"@type\":\"SearchAction\",\"target\":{\"@type\":\"EntryPoint\",\"urlTemplate\":\"https:\/\/fundacionpedrofarnes.org\/ca\/?s={search_term_string}\"},\"query-input\":{\"@type\":\"PropertyValueSpecification\",\"valueRequired\":true,\"valueName\":\"search_term_string\"}}],\"inLanguage\":\"ca\"},{\"@type\":\"Organization\",\"@id\":\"https:\/\/fundacionpedrofarnes.org\/ca\/#organization\",\"name\":\"Fundaci\u00f3 Pedro Farn\u00e9s\",\"url\":\"https:\/\/fundacionpedrofarnes.org\/ca\/\",\"logo\":{\"@type\":\"ImageObject\",\"inLanguage\":\"ca\",\"@id\":\"https:\/\/fundacionpedrofarnes.org\/ca\/#\/schema\/logo\/image\/\",\"url\":\"https:\/\/fundacionpedrofarnes.org\/wp-content\/uploads\/2023\/04\/logo.png\",\"contentUrl\":\"https:\/\/fundacionpedrofarnes.org\/wp-content\/uploads\/2023\/04\/logo.png\",\"width\":92,\"height\":64,\"caption\":\"Fundaci\u00f3 Pedro Farn\u00e9s\"},\"image\":{\"@id\":\"https:\/\/fundacionpedrofarnes.org\/ca\/#\/schema\/logo\/image\/\"}}]}<\/script>\n<!-- \/ Yoast SEO plugin. -->","yoast_head_json":{"title":"El Patronat | Fundaci\u00f3 Pedro Farn\u00e9s","description":"Coneix el nostre Patronat: \u00e9s l'\u00f2rgan encarregat de dur a terme la gesti\u00f3 i l'administraci\u00f3 de la Fundaci\u00f3.","robots":{"index":"noindex","follow":"follow","max-snippet":"max-snippet:-1","max-image-preview":"max-image-preview:large","max-video-preview":"max-video-preview:-1"},"og_locale":"ca_ES","og_type":"article","og_title":"El Patronat | Fundaci\u00f3 Pedro Farn\u00e9s","og_description":"Coneix el nostre Patronat: \u00e9s l'\u00f2rgan encarregat de dur a terme la gesti\u00f3 i l'administraci\u00f3 de la Fundaci\u00f3.","og_url":"https:\/\/fundacionpedrofarnes.org\/ca\/el-patronat\/","og_site_name":"Fundaci\u00f3 Pedro Farn\u00e9s","article_modified_time":"2023-11-03T12:29:25+00:00","og_image":[{"width":1440,"height":440,"url":"https:\/\/fundacionpedrofarnes.org\/wp-content\/uploads\/2023\/04\/header-patronato.jpg","type":"image\/jpeg"}],"twitter_card":"summary_large_image","twitter_title":"El Patronat | Fundaci\u00f3 Pedro Farn\u00e9s","twitter_description":"Coneix el nostre Patronat: \u00e9s l'\u00f2rgan encarregat de dur a terme la gesti\u00f3 i l'administraci\u00f3 de la Fundaci\u00f3.","twitter_image":"https:\/\/fundacionpedrofarnes.org\/wp-content\/uploads\/2023\/04\/header-patronato.jpg","schema":{"@context":"https:\/\/schema.org","@graph":[{"@type":"WebPage","@id":"https:\/\/fundacionpedrofarnes.org\/ca\/el-patronat\/","url":"https:\/\/fundacionpedrofarnes.org\/ca\/el-patronat\/","name":"El Patronat | Fundaci\u00f3 Pedro Farn\u00e9s","isPartOf":{"@id":"https:\/\/fundacionpedrofarnes.org\/ca\/#website"},"primaryImageOfPage":{"@id":"https:\/\/fundacionpedrofarnes.org\/ca\/el-patronat\/#primaryimage"},"image":{"@id":"https:\/\/fundacionpedrofarnes.org\/ca\/el-patronat\/#primaryimage"},"thumbnailUrl":"https:\/\/fundacionpedrofarnes.org\/wp-content\/uploads\/2023\/04\/header-patronato.jpg","datePublished":"2023-04-20T10:47:04+00:00","dateModified":"2023-11-03T12:29:25+00:00","description":"Coneix el nostre Patronat: \u00e9s l'\u00f2rgan encarregat de dur a terme la gesti\u00f3 i l'administraci\u00f3 de la Fundaci\u00f3.","breadcrumb":{"@id":"https:\/\/fundacionpedrofarnes.org\/ca\/el-patronat\/#breadcrumb"},"inLanguage":"ca","potentialAction":[{"@type":"ReadAction","target":["https:\/\/fundacionpedrofarnes.org\/ca\/el-patronat\/"]}]},{"@type":"ImageObject","inLanguage":"ca","@id":"https:\/\/fundacionpedrofarnes.org\/ca\/el-patronat\/#primaryimage","url":"https:\/\/fundacionpedrofarnes.org\/wp-content\/uploads\/2023\/04\/header-patronato.jpg","contentUrl":"https:\/\/fundacionpedrofarnes.org\/wp-content\/uploads\/2023\/04\/header-patronato.jpg","width":1440,"height":440},{"@type":"BreadcrumbList","@id":"https:\/\/fundacionpedrofarnes.org\/ca\/el-patronat\/#breadcrumb","itemListElement":[{"@type":"ListItem","position":1,"name":"Home","item":"https:\/\/fundacionpedrofarnes.org\/ca\/"},{"@type":"ListItem","position":2,"name":"El patronat"}]},{"@type":"WebSite","@id":"https:\/\/fundacionpedrofarnes.org\/ca\/#website","url":"https:\/\/fundacionpedrofarnes.org\/ca\/","name":"Fundaci\u00f3 Pedro Farn\u00e9s","description":"","publisher":{"@id":"https:\/\/fundacionpedrofarnes.org\/ca\/#organization"},"potentialAction":[{"@type":"SearchAction","target":{"@type":"EntryPoint","urlTemplate":"https:\/\/fundacionpedrofarnes.org\/ca\/?s={search_term_string}"},"query-input":{"@type":"PropertyValueSpecification","valueRequired":true,"valueName":"search_term_string"}}],"inLanguage":"ca"},{"@type":"Organization","@id":"https:\/\/fundacionpedrofarnes.org\/ca\/#organization","name":"Fundaci\u00f3 Pedro Farn\u00e9s","url":"https:\/\/fundacionpedrofarnes.org\/ca\/","logo":{"@type":"ImageObject","inLanguage":"ca","@id":"https:\/\/fundacionpedrofarnes.org\/ca\/#\/schema\/logo\/image\/","url":"https:\/\/fundacionpedrofarnes.org\/wp-content\/uploads\/2023\/04\/logo.png","contentUrl":"https:\/\/fundacionpedrofarnes.org\/wp-content\/uploads\/2023\/04\/logo.png","width":92,"height":64,"caption":"Fundaci\u00f3 Pedro Farn\u00e9s"},"image":{"@id":"https:\/\/fundacionpedrofarnes.org\/ca\/#\/schema\/logo\/image\/"}}]}},"_links":{"self":[{"href":"https:\/\/fundacionpedrofarnes.org\/ca\/wp-json\/wp\/v2\/pages\/720","targetHints":{"allow":["GET"]}}],"collection":[{"href":"https:\/\/fundacionpedrofarnes.org\/ca\/wp-json\/wp\/v2\/pages"}],"about":[{"href":"https:\/\/fundacionpedrofarnes.org\/ca\/wp-json\/wp\/v2\/types\/page"}],"author":[{"embeddable":true,"href":"https:\/\/fundacionpedrofarnes.org\/ca\/wp-json\/wp\/v2\/users\/1"}],"replies":[{"embeddable":true,"href":"https:\/\/fundacionpedrofarnes.org\/ca\/wp-json\/wp\/v2\/comments?post=720"}],"version-history":[{"count":2,"href":"https:\/\/fundacionpedrofarnes.org\/ca\/wp-json\/wp\/v2\/pages\/720\/revisions"}],"predecessor-version":[{"id":826,"href":"https:\/\/fundacionpedrofarnes.org\/ca\/wp-json\/wp\/v2\/pages\/720\/revisions\/826"}],"wp:featuredmedia":[{"embeddable":true,"href":"https:\/\/fundacionpedrofarnes.org\/ca\/wp-json\/wp\/v2\/media\/661"}],"wp:attachment":[{"href":"https:\/\/fundacionpedrofarnes.org\/ca\/wp-json\/wp\/v2\/media?parent=720"}],"curies":[{"name":"wp","href":"https:\/\/api.w.org\/{rel}","templated":true}]}}